{"id":14,"date":"2023-05-15T10:02:16","date_gmt":"2023-05-15T10:02:16","guid":{"rendered":"https:\/\/eggs.mission-webstyle.de\/?page_id=14"},"modified":"2023-05-15T10:35:25","modified_gmt":"2023-05-15T10:35:25","slug":"ueber-uns","status":"publish","type":"page","link":"https:\/\/fussorthopaedie-technik-de.mws-dev.de\/index.php\/ueber-uns\/","title":{"rendered":"\u00dcber uns"},"content":{"rendered":"\n<figure class=\"wp-block-image aligncenter size-full\"><img loading=\"lazy\" decoding=\"async\" width=\"767\" height=\"391\" src=\"https:\/\/fussorthopaedie-technik-de.mws-dev.de\/wp-content\/uploads\/2023\/05\/eggsunternehmen.png\" alt=\"\" class=\"wp-image-29\" srcset=\"https:\/\/fussorthopaedie-technik-de.mws-dev.de\/wp-content\/uploads\/2023\/05\/eggsunternehmen.png 767w, https:\/\/fussorthopaedie-technik-de.mws-dev.de\/wp-content\/uploads\/2023\/05\/eggsunternehmen-300x153.png 300w\" sizes=\"auto, (max-width: 767px) 100vw, 767px\" \/><\/figure>\n\n\n\n<h2 class=\"wp-block-heading\">Unternehmensgeschichte<\/h2>\n\n\n\n<p>Die Meisterpr\u00fcfung legte Roman Eggs als Jahrgangsbester vor der Handwerkskammer in Hannover ab. Einige Jahre arbeitete er in einem traditionsreichen Unternehmen als Orthop\u00e4dieschuhmachermeister. Der Wunsch in die Selbstst\u00e4ndigkeit wuchs im Lauf der Zeit heran. Nach intensiven Vorplanungen, Gespr\u00e4chen und teils umfassenden Renovierungsarbeiten in unserem ersten Ladenlokal in der Rathausstr. 48 in Bexbach wurden am 02.01.1994 die T\u00fcren des eigenen Gesch\u00e4ftes ge\u00f6ffnet.<\/p>\n\n\n\n<h2 class=\"wp-block-heading\">Der erste Firmensitz \u2013 klein, aber fein<\/h2>\n\n\n\n<p>Ausgelegt war das Ladenlokal auf maximal 4 Vollzeitkr\u00e4fte. Doch Anfangs wurden alle Arbeiten vom Putzen, \u00fcber die Werkstattarbeiten, die Ladent\u00e4tigkeiten und die B\u00fcroarbeiten&nbsp;von Roman Eggs alleine geleistet. Bereits nach einem halben Jahr wurde ein Geselle, eine Auszubildende und eine Reinigungskraft besch\u00e4ftigt. Nach bereits einem Jahr (<em>1995<\/em>) wandelten wir unser Unternehmen von einem Einzelunternehmen in eine Gesellschaft mit beschr\u00e4nkter Haftung (GmbH) um. Erfolgreich konnten wir 15 Jahre lang unseren stetig&nbsp; wachsenden Kundenstamm in diesen R\u00e4umen betreuen. In dieser Zeit wurden bereits die Kontakte zu vielen Fachleuten aus anderen Berufen gekn\u00fcpft. In konstruktiver Zusammenarbeit mit \u00c4rzten, Podologen, Physiotherapeuten und Ergotherapeuten entstand und w\u00e4chst immer noch ein Verbund von fachlich getragenen Beziehungen zu den Menschen aus diesen und andern Berufen.<\/p>\n\n\n\n<p>Die R\u00e4ume in der Rathausstra\u00dfe wurden schlie\u00dflich zu klein um die Arbeitsmenge logisch und sinnvoll zu bew\u00e4ltigen. Etwas neues, Gr\u00f6\u00dferes musste her.<\/p>\n\n\n\n<h2 class=\"wp-block-heading\">Neuer Standort \u2013 Weiterer Erfolg<\/h2>\n\n\n\n<p>Heute arbeiten wir mit ca.&nbsp; 15 Mitarbeitern am neuen Firmensitz in der&nbsp;<em>Kleinottweilerstra\u00dfe 86<\/em>&nbsp;in Bexbach, etwas au\u00dferhalb der Ortsmitte, aber immer noch zentral. Vorteilhaft sind hier neben einer gro\u00dfen Anzahl von Parkpl\u00e4tzen f\u00fcr unsere Kunden, eine gute Verkehrsanbindung an die in der N\u00e4he befindliche Autobahn A6 und die N\u00e4he zu namhaften Einkaufsm\u00e4rkten. In den neuen sympathisch wirkenden R\u00e4umlichkeiten steht mehr Platz f\u00fcr unsere Kunden zur Verf\u00fcgung, abgeschlossene Ma\u00dfkabinen mit Fu\u00dfdruckmessger\u00e4ten in 2 Systemen, bequemen Anmessst\u00fchlen und einer vom Ladenlokal getrennten Wartezone zur Verf\u00fcgung. Die Werkstatt&nbsp; direkt im eigenen Haus mit viel Tageslicht und r\u00e4umlich von der Kundenzone abgegrenzt erlaubt viele L\u00f6sungen durch kurze Wege.<\/p>\n\n\n\n<h2 class=\"wp-block-heading\">2008 bis Heute<\/h2>\n\n\n\n<p>Seit 2008 verfolgen wir weiterhin unser Ziel durch unsere Arbeit, unsere Leistungen und durch unsere vielseitigen Produkte, ein besseres Lebensgef\u00fchl zu geben. Gemeinsam mit den Partnern aus unserem offenen Netzwerk f\u00fchren wir regelm\u00e4\u00dfig Fortbildungen durch und arbeiten mit diesen&nbsp; f\u00fcr unsere Kunden Hand in Hand zusammen. Die Mitarbeiterzahl w\u00e4chst mit den Aufgaben. Die Entwicklung eines eigenen Einlagensystems mit vielen individuellen Versorgungsans\u00e4tzen, die Beteiligung an der Entwicklung eines neuen Materials f\u00fcr die Herstellung von Fu\u00dfbettungen f\u00fcr von Diabetes betroffenen Menschen und viele weitere Aktivit\u00e4ten, auch im Bereich der Einlagenfertigung f\u00fcr Sicherheitsschuhe tragen unser Unternehmen in die Zukunft.<\/p>\n\n\n\n<p>Philosophie<\/p>\n\n\n\n<p>Unsere, von den Mitarbeitern entwickelte und getragene Philosophie wird in unserem Serviceversprechen dargelegt.<\/p>\n\n\n\n<h2 class=\"wp-block-heading\">Ein Plus an Lebensqualit\u00e4t\u2026<\/h2>\n\n\n\n<p>\u2026wollen wir durch unsere Arbeit, unseren Service und unsere Produkte f\u00fcr Sie, unseren Kunden erzielen. Wir fertigen f\u00fcr Sie individuell und auf Ihre Bed\u00fcrfnisse abgestimmt.<\/p>\n\n\n\n<h2 class=\"wp-block-heading\">Serviceversprechen unserer Mitarbeiter<\/h2>\n\n\n\n<p>Jeder unserer, stets freundlichen und kompetenten Mitarbeiter steht Ihnen&nbsp; f\u00fcr Antworten auf Ihre Fragen und f\u00fcr eine umfassende Beratung zur Verf\u00fcgung. Aus diesem Grund haben wir ein<\/p>\n\n\n\n<h2 class=\"wp-block-heading\">Nachbetreuung<\/h2>\n\n\n\n<p>Zu unserem Service geh\u00f6rt auch die umfassende Nachbetreuung unserer Kunden. Wir bieten Ihnen die M\u00f6glichkeit unsere Produkte zu Testen und bei der Auslieferung bereits einen fest vereinbarten Termin zur Zwischenkontrolle abzustimmen.<\/p>\n\n\n\n<p>Sollten Sie zus\u00e4tzlich Fragen, W\u00fcnsche oder gar Kritiken zu unserer Leistung haben, k\u00f6nnen Sie sich damit selbstverst\u00e4ndlich jeder Zeit an uns wenden. Wir&nbsp;<em>garantieren&nbsp; Ihnen<\/em>&nbsp;eine f\u00fcr Sie zufriedenstellende L\u00f6sung.<\/p>\n\n\n\n<h1 class=\"wp-block-heading\">Serviceversprechen?<\/h1>\n\n\n\n<p>Gerade in der heutigen Zeit, wo eingehende Beratung und Betreuung in unserer schnelllebigen Gesellschaft unter zugehen scheinen, m\u00f6chten wir mit Ihnen L\u00f6sungen suchen die f\u00fcr Sie passen.<\/p>\n\n\n\n<p>Deshalb haben&nbsp;<strong>wir<\/strong>&nbsp;uns Ziele gesetzt&nbsp; (<em>siehe<\/em>&nbsp;<em>unten<\/em>) und als PDF-Download bereit gestellt. Messen Sie uns an diesen selbst gesteckten Zielen und zeigen Sie uns m\u00f6gliche Verbesserungen. Sie k\u00f6nnen Ihre Verbessungsvorschl\u00e4ge auch schriftlich im Eingangsbereich unseres Gesch\u00e4ftes anonym hinterlegen.<\/p>\n\n\n\n<p><strong>Kontinuierliche Verbesserung mit System.<\/strong><\/p>\n\n\n\n<p>Die st\u00e4ndige Verbesserung unseres Betriebes, unserer Leistungen und unseres pers\u00f6nlichen Einsatzes st\u00fctzt sich auf 3 S\u00e4ulen. Sie als Kunde haben die M\u00f6glichkeit \u00fcber die individuellen Produktw\u00fcnsche und \u00fcber die permanente Kundenbefragung 2 dieser S\u00e4ulen zu entwickeln. Die 3. S\u00e4ule wird von unseren Mitarbeitern an Hand von Verbesserungsvorschl\u00e4gen gelebt.&nbsp;<\/p>\n\n\n\n<h1 class=\"wp-block-heading\">Serviceversprechen!<\/h1>\n\n\n\n<p>\u201eWir sind ein eingespieltes Team und k\u00f6nnen uns aufeinander verlassen; genau wie sich die Kunden auf uns verlassen k\u00f6nnen.<\/p>\n\n\n\n<p>Nachbetreuung und Versorgung zum Wohl unserer Kunden sind uns sehr wichtig.<\/p>\n\n\n\n<p>Wir sind stets aufgeschlossen f\u00fcr die Belange unserer Kunden, denn wir sind dazu da, unseren Kunden optimale L\u00f6sungen anzubieten.<\/p>\n\n\n\n<p>Wir Halten unser Wissen immer auf dem neuesten Stand und k\u00f6nnen daher unsere Kunden immer \u201etop\u201c beraten.<\/p>\n\n\n\n<p>Wir beraten unsere Kunden freundlich und nett und schaffen so eine sympathische Atmosph\u00e4re, damit sich die Kunden bei uns wohl f\u00fchlen\u201c<\/p>\n\n\n\n<p><strong>Download:&nbsp;<a href=\"http:\/\/netsh108560.web15.net-server.de\/wordpress\/wp-content\/uploads\/2018\/02\/Qualit%C3%A4tspolitik2017.pdf\" target=\"_blank\" rel=\"noreferrer noopener\">Serviceversprechen<\/a><\/strong><\/p>\n","protected":false},"excerpt":{"rendered":"<p>Unternehmensgeschichte Die Meisterpr\u00fcfung legte Roman Eggs als Jahrgangsbester vor der Handwerkskammer in Hannover ab. Einige Jahre arbeitete er in einem traditionsreichen Unternehmen als Orthop\u00e4dieschuhmachermeister. Der Wunsch in die Selbstst\u00e4ndigkeit wuchs im Lauf der Zeit heran. Nach intensiven Vorplanungen, Gespr\u00e4chen und teils umfassenden Renovierungsarbeiten in unserem ersten Ladenlokal in der Rathausstr. 48 in Bexbach wurden am [&hellip;]<\/p>\n","protected":false},"author":2,"featured_media":0,"parent":0,"menu_order":0,"comment_status":"closed","ping_status":"closed","template":"","meta":{"footnotes":""},"class_list":["post-14","page","type-page","status-publish","hentry"],"_links":{"self":[{"href":"https:\/\/fussorthopaedie-technik-de.mws-dev.de\/index.php\/wp-json\/wp\/v2\/pages\/14","targetHints":{"allow":["GET"]}}],"collection":[{"href":"https:\/\/fussorthopaedie-technik-de.mws-dev.de\/index.php\/wp-json\/wp\/v2\/pages"}],"about":[{"href":"https:\/\/fussorthopaedie-technik-de.mws-dev.de\/index.php\/wp-json\/wp\/v2\/types\/page"}],"author":[{"embeddable":true,"href":"https:\/\/fussorthopaedie-technik-de.mws-dev.de\/index.php\/wp-json\/wp\/v2\/users\/2"}],"replies":[{"embeddable":true,"href":"https:\/\/fussorthopaedie-technik-de.mws-dev.de\/index.php\/wp-json\/wp\/v2\/comments?post=14"}],"version-history":[{"count":3,"href":"https:\/\/fussorthopaedie-technik-de.mws-dev.de\/index.php\/wp-json\/wp\/v2\/pages\/14\/revisions"}],"predecessor-version":[{"id":31,"href":"https:\/\/fussorthopaedie-technik-de.mws-dev.de\/index.php\/wp-json\/wp\/v2\/pages\/14\/revisions\/31"}],"wp:attachment":[{"href":"https:\/\/fussorthopaedie-technik-de.mws-dev.de\/index.php\/wp-json\/wp\/v2\/media?parent=14"}],"curies":[{"name":"wp","href":"https:\/\/api.w.org\/{rel}","templated":true}]}}