{"id":7452,"date":"2023-05-17T11:31:22","date_gmt":"2023-05-17T11:31:22","guid":{"rendered":"https:\/\/eggs.mission-webstyle.de\/?page_id=7452"},"modified":"2023-06-30T15:33:33","modified_gmt":"2023-06-30T15:33:33","slug":"impressum","status":"publish","type":"page","link":"https:\/\/fussorthopaedie-technik-de.mws-dev.de\/index.php\/impressum\/","title":{"rendered":"Impressum"},"content":{"rendered":"\n<h2 class=\"wp-block-heading\">Angaben gem\u00e4\u00df \u00a7 5 TMG:<\/h2>\n\n\n\n<p>Fu\u00df-Orthop\u00e4die-Technik Roman Eggs GmbH<br>Kleinottweiler Stra\u00dfe 86<br>66540 Bexbach<\/p>\n\n\n\n<h2 class=\"wp-block-heading\">Vertreten durch:<\/h2>\n\n\n\n<p>Roman Eggs (Gesch\u00e4ftsf\u00fchrer)<\/p>\n\n\n\n<h2 class=\"wp-block-heading\">Kontakt:<\/h2>\n\n\n\n<p>Telefon: +49 (0) 6826 \/ 1319<br>Telefax: +49 (0) 6826 \/ 510 285<br>E-Mail: r.eggs@orthopaedie-eggs.de<\/p>\n\n\n\n<h2 class=\"wp-block-heading\">Registergericht:<\/h2>\n\n\n\n<p>Amtsgericht Homburg<br>Registernummer: HRB 3410<\/p>\n\n\n\n<h2 class=\"wp-block-heading\">Umsatzsteuer:<\/h2>\n\n\n\n<p>Umsatzsteueridentifikationsnummer gem\u00e4\u00df \u00a727 a Umsatzsteuergesetz:<br>DE170876863<\/p>\n\n\n\n<h2 class=\"wp-block-heading\">Aufsichtsbeh\u00f6rde:<\/h2>\n\n\n\n<p>Handwerkskammer des Saarlandes<br>Hohenzollernstr. 47 \u2013 49<br>66117 Saarbr\u00fccken<\/p>\n\n\n\n<p><a href=\"https:\/\/www.hwk-saarland.de\/de\">https:\/\/www.hwk-saarland.de\/de<\/a><\/p>\n\n\n\n<h2 class=\"wp-block-heading\">Verantwortlich f\u00fcr den Inhalt nach \u00a7 18 II Medienstaatsvertrag und \u00a7\u00a7 5 und 6 Telemediengesetz:<\/h2>\n\n\n\n<p>Roman Eggs<br>Kleinottweiler Stra\u00dfe 86<br>66450 Bexbach<\/p>\n\n\n\n<h2 class=\"wp-block-heading\">Streitschlichtung<\/h2>\n\n\n\n<p>Die Europ\u00e4ische Kommission stellt eine Plattform zur Online-Streitbeilegung (OS) bereit:&nbsp;<a href=\"https:\/\/ec.europa.eu\/consumers\/odr\" target=\"_blank\" rel=\"noreferrer noopener\">https:\/\/ec.europa.eu\/consumers\/odr<\/a>.<br>Unsere E-Mail-Adresse finden Sie in unserem Impressum.<br>Wir sind nicht verpflichtet und nicht bereit an dem Streitschlichtungsverfahren teilzunehmen.<\/p>\n\n\n\n<h3 class=\"wp-block-heading\">Haftung f\u00fcr Inhalte<\/h3>\n\n\n\n<p>Als Diensteanbieter sind wir gem\u00e4\u00df \u00a7 7 Abs.1 TMG f\u00fcr eigene Inhalte auf diesen Seiten nach den allgemeinen Gesetzen verantwortlich. Nach \u00a7\u00a7 8 bis 10 TMG sind wir als Diensteanbieter jedoch nicht verpflichtet, \u00fcbermittelte oder gespeicherte fremde Informationen zu \u00fcberwachen oder nach Umst\u00e4nden zu forschen, die auf eine rechtswidrige T\u00e4tigkeit hinweisen.<\/p>\n\n\n\n<p>Verpflichtungen zur Entfernung oder Sperrung der Nutzung von Informationen nach den allgemeinen Gesetzen bleiben hiervon unber\u00fchrt. Eine diesbez\u00fcgliche Haftung ist jedoch erst ab dem Zeitpunkt der Kenntnis einer konkreten Rechtsverletzung m\u00f6glich. Bei Bekanntwerden von entsprechenden Rechtsverletzungen werden wir diese Inhalte umgehend entfernen.<\/p>\n\n\n\n<h3 class=\"wp-block-heading\">Haftung f\u00fcr Links<\/h3>\n\n\n\n<p>Unser Angebot enth\u00e4lt Links zu externen Websites Dritter, auf deren Inhalte wir keinen Einfluss haben. Deshalb k\u00f6nnen wir f\u00fcr diese fremden Inhalte auch keine Gew\u00e4hr \u00fcbernehmen. F\u00fcr die Inhalte der verlinkten Seiten ist stets der jeweilige Anbieter oder Betreiber der Seiten verantwortlich. Die verlinkten Seiten wurden zum Zeitpunkt der Verlinkung auf m\u00f6gliche Rechtsverst\u00f6\u00dfe \u00fcberpr\u00fcft. Rechtswidrige Inhalte waren zum Zeitpunkt der Verlinkung nicht erkennbar.<\/p>\n\n\n\n<p>Eine permanente inhaltliche Kontrolle der verlinkten Seiten ist jedoch ohne konkrete Anhaltspunkte einer Rechtsverletzung nicht zumutbar. Bei Bekanntwerden von Rechtsverletzungen werden wir derartige Links umgehend entfernen.<\/p>\n\n\n\n<h3 class=\"wp-block-heading\">Urheberrecht<\/h3>\n\n\n\n<p>Die durch die Seitenbetreiber erstellten Inhalte und Werke auf diesen Seiten unterliegen dem deutschen Urheberrecht. Die Vervielf\u00e4ltigung, Bearbeitung, Verbreitung und jede Art der Verwertung au\u00dferhalb der Grenzen des Urheberrechtes bed\u00fcrfen der schriftlichen Zustimmung des jeweiligen Autors bzw. Erstellers. Downloads und Kopien dieser Seite sind nur f\u00fcr den privaten, nicht kommerziellen Gebrauch gestattet.<\/p>\n\n\n\n<p>Soweit die Inhalte auf dieser Seite nicht vom Betreiber erstellt wurden, werden die Urheberrechte Dritter beachtet. Insbesondere werden Inhalte Dritter als solche gekennzeichnet. Sollten Sie trotzdem auf eine Urheberrechtsverletzung aufmerksam werden, bitten wir um einen entsprechenden Hinweis. Bei Bekanntwerden von Rechtsverletzungen werden wir derartige Inhalte umgehend entfernen.<\/p>\n","protected":false},"excerpt":{"rendered":"<p>Angaben gem\u00e4\u00df \u00a7 5 TMG: Fu\u00df-Orthop\u00e4die-Technik Roman Eggs GmbHKleinottweiler Stra\u00dfe 8666540 Bexbach Vertreten durch: Roman Eggs (Gesch\u00e4ftsf\u00fchrer) Kontakt: Telefon: +49 (0) 6826 \/ 1319Telefax: +49 (0) 6826 \/ 510 285E-Mail: r.eggs@orthopaedie-eggs.de Registergericht: Amtsgericht HomburgRegisternummer: HRB 3410 Umsatzsteuer: Umsatzsteueridentifikationsnummer gem\u00e4\u00df \u00a727 a Umsatzsteuergesetz:DE170876863 Aufsichtsbeh\u00f6rde: Handwerkskammer des SaarlandesHohenzollernstr. 47 \u2013 4966117 Saarbr\u00fccken https:\/\/www.hwk-saarland.de\/de Verantwortlich f\u00fcr den Inhalt [&hellip;]<\/p>\n","protected":false},"author":1,"featured_media":0,"parent":0,"menu_order":98,"comment_status":"closed","ping_status":"closed","template":"","meta":{"footnotes":""},"class_list":["post-7452","page","type-page","status-publish","hentry"],"_links":{"self":[{"href":"https:\/\/fussorthopaedie-technik-de.mws-dev.de\/index.php\/wp-json\/wp\/v2\/pages\/7452","targetHints":{"allow":["GET"]}}],"collection":[{"href":"https:\/\/fussorthopaedie-technik-de.mws-dev.de\/index.php\/wp-json\/wp\/v2\/pages"}],"about":[{"href":"https:\/\/fussorthopaedie-technik-de.mws-dev.de\/index.php\/wp-json\/wp\/v2\/types\/page"}],"author":[{"embeddable":true,"href":"https:\/\/fussorthopaedie-technik-de.mws-dev.de\/index.php\/wp-json\/wp\/v2\/users\/1"}],"replies":[{"embeddable":true,"href":"https:\/\/fussorthopaedie-technik-de.mws-dev.de\/index.php\/wp-json\/wp\/v2\/comments?post=7452"}],"version-history":[{"count":2,"href":"https:\/\/fussorthopaedie-technik-de.mws-dev.de\/index.php\/wp-json\/wp\/v2\/pages\/7452\/revisions"}],"predecessor-version":[{"id":7657,"href":"https:\/\/fussorthopaedie-technik-de.mws-dev.de\/index.php\/wp-json\/wp\/v2\/pages\/7452\/revisions\/7657"}],"wp:attachment":[{"href":"https:\/\/fussorthopaedie-technik-de.mws-dev.de\/index.php\/wp-json\/wp\/v2\/media?parent=7452"}],"curies":[{"name":"wp","href":"https:\/\/api.w.org\/{rel}","templated":true}]}}