{"id":7454,"date":"2023-05-17T11:32:01","date_gmt":"2023-05-17T11:32:01","guid":{"rendered":"https:\/\/eggs.mission-webstyle.de\/?page_id=7454"},"modified":"2023-06-30T15:32:44","modified_gmt":"2023-06-30T15:32:44","slug":"datenschutz","status":"publish","type":"page","link":"https:\/\/fussorthopaedie-technik-de.mws-dev.de\/index.php\/datenschutz\/","title":{"rendered":"Datenschutz"},"content":{"rendered":"\n<h3 class=\"wp-block-heading\">Stand 12.11.19<\/h3>\n\n\n\n<p>Wir, die Fu\u00df-Orthop\u00e4die-Technik Roman Eggs GmbH, siehe Impressum, speichern personenbezogene Daten im Zusammenhang mit unserem Internetseitenangebot nur, soweit und solange dies n\u00f6tig ist, um die von Ihnen gew\u00fcnschten Leistungen zu erbringen.<br>Wir verwenden die Daten auch nur f\u00fcr den Zweck, die von Ihnen angefragten Leistungen zu erbringen.<br>Eine Verwendung f\u00fcr andere Zwecke oder eine Weitergabe an Dritte findet nicht statt.<\/p>\n\n\n\n<h3 class=\"wp-block-heading\">1. Nutzungsdaten, die wir befristet speichern<\/h3>\n\n\n\n<p>Beim Aufruf unserer Internetseiten \u00fcbermittelt Ihr Internetbrowser u.a. die nachfolgend benannten technischen Daten.<br>Wir speichern diese Daten zur Verhinderung von \u00dcberlastung und Missbrauch unserer Ger\u00e4te und Datenleitungen.<br>Da Sie durch diese Daten identifiziert werden k\u00f6nnten, sind diese als personenbezogene Daten f\u00fcr die das Datenschutzrecht gilt, zu behandeln.<\/p>\n\n\n\n<p>Es handelt sich dabei um<\/p>\n\n\n\n<p>\u2013 Ihre aktuelle&nbsp;<strong>IP-Adresse,<\/strong><br><strong>\u2013 Typ, Sprache und Version Ihres Browsers&nbsp;<\/strong>und<strong>&nbsp;Betriebssystems, sowie<\/strong><br><strong>\u2013 Uhrzeit und Datum Ihres Besuchs<\/strong>&nbsp;und<br>\u2013 die Namen der&nbsp;<strong>abgerufenen Dateien<\/strong>&nbsp;(inkl. Zugriffsstatus \u201cabgerufen\u201d, \u201cnicht gefunden\u201d etc.)<\/p>\n\n\n\n<p>Die IP-Adresse wird f\u00fcr 14 Tage vollst\u00e4ndig, danach gek\u00fcrzt (die letzten drei Ziffern gel\u00f6scht) also<br>anonymisiert, gespeichert.<br>Wir sind gem\u00e4\u00df Artikel 6 (1) f DSGVO zur tempor\u00e4ren Speicherung der Daten berechtigt.<br>Eine Zusammenf\u00fchrung mit anderen Daten oder eine \u00dcbermittlung an Dritte findet nicht statt.<\/p>\n\n\n\n<p>Es werden derzeit noch zwei f\u00fcr uns noch technisch zwingend notwendige&nbsp;<strong>Cookies&nbsp;<\/strong>tempor\u00e4r in Ihrem Webbrowser gespeichert. Diese werden ausschlie\u00dflich von den Administratoren zum Bearbeiten der Webseiten verwendet. Sie werden also in keiner Weise von uns oder Dritten mit Bezug auf Sie genutzt. Wir arbeiten daran, dass diese Cookies zuk\u00fcnftig auch nur noch anlassbezogen gesetzt werden, d.h. wenn unsere Administratoren sie tats\u00e4chlich ben\u00f6tigen.<\/p>\n\n\n\n<h3 class=\"wp-block-heading\">2. Ort der Speicherung<\/h3>\n\n\n\n<p>Diese Daten werden, wie auch unsere Webseiten selbst, in Deutschland gespeichert und Daten im Zusammenhang mit der Nutzung unserer Internetseite werden von uns auch nicht unverschl\u00fcsselt woandershin \u00fcbermittelt.<br>Da der Datenfluss beim Abruf aus technischen Gr\u00fcnden nicht streng lokal bzw. national gehalten werden kann, wird eine seri\u00f6se Transportverschl\u00fcsselung verwendet.<\/p>\n\n\n\n<h3 class=\"wp-block-heading\">3. Newsletter<\/h3>\n\n\n\n<p>Wir speichern, zus\u00e4tzlich zu den unter 1 genannten Daten, Ihren Namen und Ihre Emailadresse nur w\u00e4hrend des Zeitraums, w\u00e4hrend derer Sie den Newsletter abonniert halten.<br>Sie erhalten mit der anf\u00e4nglichen Newsletter-Best\u00e4tigungsemail den Hinweis, wie sie den Newsletter jederzeit k\u00fcndigen und damit eine Datenl\u00f6schung ausl\u00f6sen k\u00f6nnen.<br>Rechtsgrundlage ist damit die Einwilligung (Artikel 6 (1) a und 7 DSGVO) zur Datenverarbeitung, die wir durch Ihre positive Antwort auf unsere Best\u00e4tigungsemail erhalten.<\/p>\n\n\n\n<h3 class=\"wp-block-heading\">4. Youtube und Facebook-Integration<\/h3>\n\n\n\n<p>Wir haben diese Dienste gegebenenfalls mit einer \u201eZwei-Klick-L\u00f6sung\u201c samt eines Hinweistextes versehen, so dass Sie selbst zun\u00e4chst entscheiden k\u00f6nnen, ob Sie diesen Diensten personenbezogene Daten \u00fcbermitteln wollen.<\/p>\n\n\n\n<h3 class=\"wp-block-heading\">5. Ihr Recht auf Auskunft, Berichtigung, Einschr\u00e4nkung und L\u00f6schung<\/h3>\n\n\n\n<p>Sie k\u00f6nnen von uns erfahren, ob und welche Daten wir zu Ihrer Person Daten verarbeitet haben und zu welchen Zwecken dies geschah. Sie k\u00f6nnen gegebenfalls auch weitere Ausk\u00fcnfte geltend machen, siehe dazu katalogartig Artikel 15 der Datenschutzgrundverordnung.<br>Sie k\u00f6nnen Berichtigung und L\u00f6schung dieser Daten verlangen.<br>Eine M\u00f6glichkeit zur Einschr\u00e4nkung der Datenverarbeitung sehen wir derzeit nicht, da unsere Systeme bereits datenminimierend konzipiert sind, d.h. sich auf das N\u00f6tigste beschr\u00e4nken. Einen Widerspruchs Ihrerseits gegen die Datenverarbeitung setzen wir um, wenn Sie in einer besonderen<br>Situation im Sinne des Art. 21 (1) DSGVO sind.<br>Wir werden dies aber gegebenfalls jeweils individuell pr\u00fcfen, wenn Sie uns Ihre W\u00fcnsche mitteilen.<br>Diese Rechte finden ihre Grenze gegebenenfalls in unseren Rechten (Art. 6 (1) f DSGVO etc.).<\/p>\n\n\n\n<h3 class=\"wp-block-heading\">6. Datenschutzbeauftragte\/r<\/h3>\n\n\n\n<p>Unsere Datenschutzbeauftragte ist Frau Birgit Eggs.<\/p>\n\n\n\n<p>Sie k\u00f6nnen Sie per Telefon 06826 \/ 13 19 und Email r.eggs@orthopaedie-eggs.de&nbsp; erreichen.<\/p>\n\n\n\n<h3 class=\"wp-block-heading\">7. Verantwortliche Stelle<\/h3>\n\n\n\n<p>Verantwortlich im Sinne der Datenschutzgesetze ist die Fu\u00df-Orthop\u00e4die-Technik Roman Eggs GmbH, siehe Impressum.<\/p>\n\n\n\n<h3 class=\"wp-block-heading\">8. Beschwerdem\u00f6glichkeit<\/h3>\n\n\n\n<p>Sie haben die M\u00f6glichkeit, sich an die zust\u00e4ndige Datenschutzaufsichtsbeh\u00f6rde zum Zwecke der Beratung und Beschwerde zu wenden. F\u00fcr den Sitz unseres Unternehmens ist zust\u00e4ndig:<br>Unabh\u00e4ngiges Datenschutzzentrum Saarland, Fritz-Dobisch-Stra\u00dfe 12, 66111 Saarbr\u00fccken, Telefon: (0681) 94781-0, Telefax: (0681) 94781-29<\/p>\n","protected":false},"excerpt":{"rendered":"<p>Stand 12.11.19 Wir, die Fu\u00df-Orthop\u00e4die-Technik Roman Eggs GmbH, siehe Impressum, speichern personenbezogene Daten im Zusammenhang mit unserem Internetseitenangebot nur, soweit und solange dies n\u00f6tig ist, um die von Ihnen gew\u00fcnschten Leistungen zu erbringen.Wir verwenden die Daten auch nur f\u00fcr den Zweck, die von Ihnen angefragten Leistungen zu erbringen.Eine Verwendung f\u00fcr andere Zwecke oder eine Weitergabe [&hellip;]<\/p>\n","protected":false},"author":1,"featured_media":0,"parent":0,"menu_order":99,"comment_status":"closed","ping_status":"closed","template":"","meta":{"footnotes":""},"class_list":["post-7454","page","type-page","status-publish","hentry"],"_links":{"self":[{"href":"https:\/\/fussorthopaedie-technik-de.mws-dev.de\/index.php\/wp-json\/wp\/v2\/pages\/7454","targetHints":{"allow":["GET"]}}],"collection":[{"href":"https:\/\/fussorthopaedie-technik-de.mws-dev.de\/index.php\/wp-json\/wp\/v2\/pages"}],"about":[{"href":"https:\/\/fussorthopaedie-technik-de.mws-dev.de\/index.php\/wp-json\/wp\/v2\/types\/page"}],"author":[{"embeddable":true,"href":"https:\/\/fussorthopaedie-technik-de.mws-dev.de\/index.php\/wp-json\/wp\/v2\/users\/1"}],"replies":[{"embeddable":true,"href":"https:\/\/fussorthopaedie-technik-de.mws-dev.de\/index.php\/wp-json\/wp\/v2\/comments?post=7454"}],"version-history":[{"count":2,"href":"https:\/\/fussorthopaedie-technik-de.mws-dev.de\/index.php\/wp-json\/wp\/v2\/pages\/7454\/revisions"}],"predecessor-version":[{"id":7656,"href":"https:\/\/fussorthopaedie-technik-de.mws-dev.de\/index.php\/wp-json\/wp\/v2\/pages\/7454\/revisions\/7656"}],"wp:attachment":[{"href":"https:\/\/fussorthopaedie-technik-de.mws-dev.de\/index.php\/wp-json\/wp\/v2\/media?parent=7454"}],"curies":[{"name":"wp","href":"https:\/\/api.w.org\/{rel}","templated":true}]}}