{"id":7739,"date":"2023-07-14T15:03:46","date_gmt":"2023-07-14T15:03:46","guid":{"rendered":"https:\/\/eggs.mission-webstyle.de\/?page_id=7739"},"modified":"2023-07-14T15:05:05","modified_gmt":"2023-07-14T15:05:05","slug":"jobs","status":"publish","type":"page","link":"https:\/\/fussorthopaedie-technik-de.mws-dev.de\/index.php\/jobs\/","title":{"rendered":"Jobs"},"content":{"rendered":"\n<div class=\"wp-block-columns alignwide is-layout-flex wp-container-core-columns-is-layout-28f84493 wp-block-columns-is-layout-flex\">\n<div class=\"wp-block-column is-layout-flow wp-block-column-is-layout-flow\" style=\"flex-basis:66.66%\">\n<div class=\"wp-block-group has-global-padding is-layout-constrained wp-block-group-is-layout-constrained\">\n<h2 class=\"wp-block-heading\"><strong>Ihr Profil:<\/strong><\/h2>\n\n\n\n<ul class=\"wp-block-list\">\n<li>Handwerkliches Geschick<\/li>\n\n\n\n<li>Freude am Arbeiten<\/li>\n\n\n\n<li>Bereitschaft sich in das Team einzuf\u00fcgen und f\u00fcr unsere<br>Kunden passgerechte und sch\u00f6ne Produkte herzustellen<\/li>\n<\/ul>\n\n\n\n<h2 class=\"wp-block-heading\"><strong>Zur Ausbildung:<\/strong><\/h2>\n\n\n\n<ul class=\"wp-block-list\">\n<li>sie findet strukturiert im Betrieb und in der Berufsschule im Blockunterricht statt<\/li>\n\n\n\n<li>die \u00fcberbetrieblichen Lehrlingsunterweisungen werden in der Schule der hessischen Innung in Langen durchgef\u00fchrt<\/li>\n\n\n\n<li>Es werden traditionell handwerkliche Fertigungen, mit moderner, digitaler Technik verkn\u00fcpft<\/li>\n<\/ul>\n\n\n\n<h2 class=\"wp-block-heading\"><strong>Was unser Unternehmen ausmacht:<\/strong><\/h2>\n\n\n\n<ul class=\"wp-block-list\">\n<li>Familienfreundliches Unternehmen<\/li>\n\n\n\n<li>Preistr\u00e4ger f\u00fcr unsere Ma\u00dfnahmen im Umgang mit den privaten Aufgaben und Situationen der Mitarbeiter<\/li>\n\n\n\n<li>W\u00fcrdigung vom Bundesarbeitsministerium f\u00fcr unser Engagement bei der Wiedereingliederung von Mitarbeitern \u00dc50<\/li>\n\n\n\n<li>&nbsp;Im Bereich Natur sind wir derzeit europaweit das 1. Unternehmen unserer Branche mit der EMAS Zertifizierung und Tr\u00e4ger des Bundesumweltpreises 2021<\/li>\n\n\n\n<li>Anerkennungspreis f\u00fcr kreatives Handwerk vom Kreissparkassen- und Giroverband sowie der saarl\u00e4ndischen Handwerkskammer<\/li>\n<\/ul>\n\n\n\n<figure class=\"wp-block-image\"><img loading=\"lazy\" decoding=\"async\" width=\"637\" height=\"480\" src=\"https:\/\/fussorthopaedie-technik.de\/wp-content\/uploads\/2022\/12\/interesseEggs.png\" alt=\"\" class=\"wp-image-7280\" srcset=\"https:\/\/fussorthopaedie-technik-de.mws-dev.de\/wp-content\/uploads\/2022\/12\/interesseEggs.png 637w, https:\/\/fussorthopaedie-technik-de.mws-dev.de\/wp-content\/uploads\/2022\/12\/interesseEggs-300x226.png 300w\" sizes=\"auto, (max-width: 637px) 100vw, 637px\" \/><\/figure>\n\n\n\n<p><strong>Bewerben sie sich unter\u2026<\/strong><br>Fu\u00df-Orthop\u00e4die-Technik Roman Eggs GmbH<br>z.Hd. Herr Roman Eggs<br>Kleinottweiler Stra\u00dfe 86<br>66540 Bexbach<\/p>\n\n\n\n<p><strong>Wir freuen uns auf Ihre Bewerbung<\/strong><\/p>\n<\/div>\n<\/div>\n\n\n\n<div class=\"wp-block-column is-layout-flow wp-block-column-is-layout-flow\" style=\"flex-basis:33.33%\">\n<figure class=\"wp-block-image\"><img loading=\"lazy\" decoding=\"async\" width=\"194\" height=\"1024\" src=\"https:\/\/fussorthopaedie-technik-de.mws-dev.de\/wp-content\/uploads\/2023\/07\/image.png\" alt=\"\" class=\"wp-image-7740\" srcset=\"https:\/\/fussorthopaedie-technik-de.mws-dev.de\/wp-content\/uploads\/2023\/07\/image.png 194w, https:\/\/fussorthopaedie-technik-de.mws-dev.de\/wp-content\/uploads\/2023\/07\/image-57x300.png 57w\" sizes=\"auto, (max-width: 194px) 100vw, 194px\" \/><\/figure>\n<\/div>\n<\/div>\n","protected":false},"excerpt":{"rendered":"<p>Ihr Profil: Zur Ausbildung: Was unser Unternehmen ausmacht: Bewerben sie sich unter\u2026Fu\u00df-Orthop\u00e4die-Technik Roman Eggs GmbHz.Hd. Herr Roman EggsKleinottweiler Stra\u00dfe 8666540 Bexbach Wir freuen uns auf Ihre Bewerbung<\/p>\n","protected":false},"author":1,"featured_media":0,"parent":0,"menu_order":0,"comment_status":"closed","ping_status":"closed","template":"","meta":{"footnotes":""},"class_list":["post-7739","page","type-page","status-publish","hentry"],"_links":{"self":[{"href":"https:\/\/fussorthopaedie-technik-de.mws-dev.de\/index.php\/wp-json\/wp\/v2\/pages\/7739","targetHints":{"allow":["GET"]}}],"collection":[{"href":"https:\/\/fussorthopaedie-technik-de.mws-dev.de\/index.php\/wp-json\/wp\/v2\/pages"}],"about":[{"href":"https:\/\/fussorthopaedie-technik-de.mws-dev.de\/index.php\/wp-json\/wp\/v2\/types\/page"}],"author":[{"embeddable":true,"href":"https:\/\/fussorthopaedie-technik-de.mws-dev.de\/index.php\/wp-json\/wp\/v2\/users\/1"}],"replies":[{"embeddable":true,"href":"https:\/\/fussorthopaedie-technik-de.mws-dev.de\/index.php\/wp-json\/wp\/v2\/comments?post=7739"}],"version-history":[{"count":2,"href":"https:\/\/fussorthopaedie-technik-de.mws-dev.de\/index.php\/wp-json\/wp\/v2\/pages\/7739\/revisions"}],"predecessor-version":[{"id":7744,"href":"https:\/\/fussorthopaedie-technik-de.mws-dev.de\/index.php\/wp-json\/wp\/v2\/pages\/7739\/revisions\/7744"}],"wp:attachment":[{"href":"https:\/\/fussorthopaedie-technik-de.mws-dev.de\/index.php\/wp-json\/wp\/v2\/media?parent=7739"}],"curies":[{"name":"wp","href":"https:\/\/api.w.org\/{rel}","templated":true}]}}