{"id":9,"date":"2023-05-15T10:01:38","date_gmt":"2023-05-15T10:01:38","guid":{"rendered":"https:\/\/eggs.mission-webstyle.de\/?page_id=9"},"modified":"2023-05-15T10:32:46","modified_gmt":"2023-05-15T10:32:46","slug":"leistungen","status":"publish","type":"page","link":"https:\/\/fussorthopaedie-technik-de.mws-dev.de\/index.php\/leistungen\/","title":{"rendered":"Leistungen"},"content":{"rendered":"\n<div class=\"wp-block-group has-global-padding is-layout-constrained wp-block-group-is-layout-constrained\">\n<h2 class=\"wp-block-heading\">Ma\u00dfeinlagen<\/h2>\n\n\n\n<p>Die Fu\u00df-Orthop\u00e4die-Technik Eggs fertigt f\u00fcr Sie ganz individuell angepasste\u00a0<em>Ma\u00dfeinlagen.<\/em>\u00a0Wir f\u00fchren eine breite Produktpalette an eigenen selbst entwickelten Ma\u00dfeinlagensystemen mit sehr vielen Auswahlm\u00f6glichkeiten f\u00fcr den \u00dcberzugstoff und vielen weiteren Optionen. Selbstverst\u00e4ndlich fertigen wir auch aufpreisfreie Basis- Kasseneinlagen.<\/p>\n\n\n\n<h3 class=\"wp-block-heading\">Kassenleistung<\/h3>\n\n\n\n<ul class=\"wp-block-list\">\n<li>St\u00fctzeinlagen<\/li>\n\n\n\n<li>Bettrungseinlagen<\/li>\n\n\n\n<li>Schaleneinlagen ohne Aufpreis<\/li>\n<\/ul>\n\n\n\n<h3 class=\"wp-block-heading\">Eggseinlagen<\/h3>\n\n\n\n<p>Lorem ipsum dolor sit amet, consetetur sadipscing elitr, sed diam nonumy eirmod tempor invidunt ut labore et dolore magna aliquyam erat, sed diam voluptua. At vero eos et accusam et justo duo dolores et ea rebum. Stet clita kasd gubergren, no sea takimata sanctus est Lorem ipsum dolor sit amet.<\/p>\n<\/div>\n\n\n\n<div class=\"wp-block-group has-global-padding is-layout-constrained wp-block-group-is-layout-constrained\">\n<h2 class=\"wp-block-heading\">Akutversorgung<\/h2>\n\n\n\n<p>Lorem ipsum dolor sit amet, consetetur sadipscing elitr, sed diam nonumy eirmod tempor invidunt ut labore et dolore magna aliquyam erat, sed diam voluptua. At vero eos et accusam et justo duo dolores et ea rebum. Stet clita kasd gubergren, no sea takimata sanctus est Lorem ipsum dolor sit amet. Lorem ipsum dolor sit amet, consetetur sadipscing elitr, sed diam nonumy eirmod tempor invidunt ut labore et dolore magna aliquyam erat, sed diam voluptua. At vero eos et accusam et justo duo dolores et ea rebum. Stet clita kasd gubergren, no sea takimata sanctus est Lorem ipsum dolor sit amet.<\/p>\n<\/div>\n\n\n\n<div class=\"wp-block-group has-global-padding is-layout-constrained wp-block-group-is-layout-constrained\">\n<h2 class=\"wp-block-heading\">Diabetesversorgung<\/h2>\n\n\n\n<p>Durch die langj\u00e4hrige Zusammenarbeit mit Diabetes Fussambulanzen in verschiedenen Kliniken,<br>mit niedergelassenen Diabetologen und die&nbsp;Mitgliedschaft im Fu\u00dfnetz-S\u00fcdWest sowie im Wundnetz-Saar k\u00f6nnen wir auf eine umfassende Erfahrung zur\u00fcckgreifen.<\/p>\n\n\n\n<p>In unserem Haus wurde mit den Firmen&nbsp;<a href=\"http:\/\/www.colortex.de\/\">Color Tex<\/a>&nbsp;und&nbsp;<a href=\"http:\/\/pfi-germany.de\/\">PFI<\/a>, ein neuartiges Material zur Versorgung von durch Diabetes betroffenen F\u00fc\u00dfen mitentwickelt.<\/p>\n<\/div>\n\n\n\n<div class=\"wp-block-group has-global-padding is-layout-constrained wp-block-group-is-layout-constrained\">\n<h2 class=\"wp-block-heading\"> Versorgung am Arbeitsplatz<\/h2>\n\n\n\n<p>Lorem ipsum dolor sit amet, consetetur sadipscing elitr, sed diam nonumy eirmod tempor invidunt ut labore et dolore magna aliquyam erat, sed diam voluptua. At vero eos et accusam et justo duo dolores et ea rebum. Stet clita kasd gubergren, no sea takimata sanctus est Lorem ipsum dolor sit amet. Lorem ipsum dolor sit amet, consetetur sadipscing elitr, sed diam nonumy eirmod tempor invidunt ut labore et dolore magna aliquyam erat, sed diam voluptua. At vero eos et accusam et justo duo dolores et ea rebum. Stet clita kasd gubergren, no sea takimata sanctus est Lorem ipsum dolor sit amet.<\/p>\n<\/div>\n\n\n\n<div class=\"wp-block-group has-global-padding is-layout-constrained wp-block-group-is-layout-constrained\">\n<h2 class=\"wp-block-heading\">Orthesen<\/h2>\n\n\n\n<p>Wir f\u00fchren die verschiedensten Orthesen f\u00fcr Fu\u00df und Knie. Auch hier beraten wir Sie eingehend und finden die passende Orthese f\u00fcr Sie.<\/p>\n<\/div>\n\n\n\n<div class=\"wp-block-group has-global-padding is-layout-constrained wp-block-group-is-layout-constrained\">\n<h2 class=\"wp-block-heading\">Kompressionsstr\u00fcmpfe<\/h2>\n\n\n\n<p>Kompressionsstr\u00fcmpfe sind nicht einfach nur Kompressionsstr\u00fcmpfe. Es gibt viele verschiedene Variationen von verschiedenen Herstellern. Wir haben die f\u00fcr Sie die Passenden.<\/p>\n<\/div>\n\n\n\n<div class=\"wp-block-group has-global-padding is-layout-constrained wp-block-group-is-layout-constrained\">\n<h2 class=\"wp-block-heading\">Ma\u00dfschuhe<\/h2>\n\n\n\n<p>F\u00fcr die Fertigung Ihrer orthop\u00e4dischen Ma\u00dfschuhe verwenden wir nur&nbsp;<strong>hochwertige<\/strong>&nbsp;<strong>&nbsp;Materialien<\/strong>.<\/p>\n\n\n\n<p>Die Brandsohlen unserer Schuhe fertigen wir aus Laser light, einem&nbsp;<em>besondere<\/em><em>n Leder<\/em>, das bei<br><strong>geringem Gewicht&nbsp;<\/strong><strong>extrem leistungsf\u00e4hig&nbsp;<\/strong>ist. Bei den Fu\u00dfbettungen verwenden wir unterschiedliche Polster- und Verst\u00e4rkungsmaterialien die individuell auf Ihre Bedingungen abgestimmt werden.<\/p>\n\n\n\n<p>Neben klassischem Kalbfutterleder verwenden wir im Innenbereich der Schuhe auch hochmoderne Funktionstextilien.<\/p>\n\n\n\n<p>Aus \u00fcber 200 verschiedenen Oberledern k\u00f6nnen Sie sich die Optik Ihres Schuhes individuell zusammenstellen.<\/p>\n<\/div>\n\n\n\n<div class=\"wp-block-group has-global-padding is-layout-constrained wp-block-group-is-layout-constrained\">\n<h2 class=\"wp-block-heading\">Innenschuhe<\/h2>\n\n\n\n<p>Ein Innenschuh ist ein Schuh im Schuh. Er wird von uns speziell auf Ihre Fu\u00dfsituation angepasst. Vorteil ist, Sie k\u00f6nnen Innenschuhe auch in einigen Konfektionsschuhen tragen. Heute werden Innenschuhe oftmals durch konfektionierte Orthesen abgel\u00f6st.<\/p>\n<\/div>\n\n\n\n<div class=\"wp-block-group has-global-padding is-layout-constrained wp-block-group-is-layout-constrained\">\n<h2 class=\"wp-block-heading\">MKS<\/h2>\n\n\n\n<p>Lorem ipsum dolor sit amet, consetetur sadipscing elitr, sed diam nonumy eirmod tempor invidunt ut labore et dolore magna aliquyam erat, sed diam voluptua. At vero eos et accusam et justo duo dolores et ea rebum. Stet clita kasd gubergren, no sea takimata sanctus est Lorem ipsum dolor sit amet. Lorem ipsum dolor sit amet, consetetur sadipscing elitr, sed diam nonumy eirmod tempor invidunt ut labore et dolore magna aliquyam erat, sed diam voluptua. At vero eos et accusam et justo duo dolores et ea rebum. Stet clita kasd gubergren, no sea takimata sanctus est Lorem ipsum dolor sit amet.<\/p>\n\n\n\n<ul class=\"wp-block-list\">\n<li>Rundstrick<\/li>\n\n\n\n<li>Flachstrick<\/li>\n\n\n\n<li>L\u00e4ngen<\/li>\n\n\n\n<li>Farben<\/li>\n\n\n\n<li>Eventuelle Firme\n<ul class=\"wp-block-list\">\n<li>Swarowski<\/li>\n<\/ul>\n<\/li>\n\n\n\n<li>Aufpreise Str\u00fcmpfe<\/li>\n\n\n\n<li>Bodes-Lux<\/li>\n<\/ul>\n<\/div>\n\n\n\n<div class=\"wp-block-group has-global-padding is-layout-constrained wp-block-group-is-layout-constrained\">\n<h2 class=\"wp-block-heading\">Bandagen<\/h2>\n\n\n\n<p>Wir bieten Ihnen \u00a0 Bandagen f\u00fcr F\u00fc\u00dfe und Knie von mehreren Herstellern ab Lager. Kommen Sie zu uns und wir beraten Sie und finden f\u00fcr Sie die Bandagen, welche zu Ihren Bed\u00fcrfnissen passen.<\/p>\n\n\n\n<h3 class=\"wp-block-heading\">Arten von Bandagen<\/h3>\n\n\n\n<ul class=\"wp-block-list\">\n<li>Kniebandagen<\/li>\n\n\n\n<li>Fu\u00dfbanadagen<\/li>\n\n\n\n<li>Kn\u00f6chelbandagen<\/li>\n\n\n\n<li>Achilles<\/li>\n<\/ul>\n\n\n\n<h3 class=\"wp-block-heading\">Unser Partner f\u00fcr Badanagen Bort<\/h3>\n<\/div>\n","protected":false},"excerpt":{"rendered":"<p>Ma\u00dfeinlagen Die Fu\u00df-Orthop\u00e4die-Technik Eggs fertigt f\u00fcr Sie ganz individuell angepasste\u00a0Ma\u00dfeinlagen.\u00a0Wir f\u00fchren eine breite Produktpalette an eigenen selbst entwickelten Ma\u00dfeinlagensystemen mit sehr vielen Auswahlm\u00f6glichkeiten f\u00fcr den \u00dcberzugstoff und vielen weiteren Optionen. Selbstverst\u00e4ndlich fertigen wir auch aufpreisfreie Basis- Kasseneinlagen. Kassenleistung Eggseinlagen Lorem ipsum dolor sit amet, consetetur sadipscing elitr, sed diam nonumy eirmod tempor invidunt ut labore [&hellip;]<\/p>\n","protected":false},"author":2,"featured_media":0,"parent":0,"menu_order":0,"comment_status":"closed","ping_status":"closed","template":"","meta":{"footnotes":""},"class_list":["post-9","page","type-page","status-publish","hentry"],"_links":{"self":[{"href":"https:\/\/fussorthopaedie-technik-de.mws-dev.de\/index.php\/wp-json\/wp\/v2\/pages\/9","targetHints":{"allow":["GET"]}}],"collection":[{"href":"https:\/\/fussorthopaedie-technik-de.mws-dev.de\/index.php\/wp-json\/wp\/v2\/pages"}],"about":[{"href":"https:\/\/fussorthopaedie-technik-de.mws-dev.de\/index.php\/wp-json\/wp\/v2\/types\/page"}],"author":[{"embeddable":true,"href":"https:\/\/fussorthopaedie-technik-de.mws-dev.de\/index.php\/wp-json\/wp\/v2\/users\/2"}],"replies":[{"embeddable":true,"href":"https:\/\/fussorthopaedie-technik-de.mws-dev.de\/index.php\/wp-json\/wp\/v2\/comments?post=9"}],"version-history":[{"count":4,"href":"https:\/\/fussorthopaedie-technik-de.mws-dev.de\/index.php\/wp-json\/wp\/v2\/pages\/9\/revisions"}],"predecessor-version":[{"id":28,"href":"https:\/\/fussorthopaedie-technik-de.mws-dev.de\/index.php\/wp-json\/wp\/v2\/pages\/9\/revisions\/28"}],"wp:attachment":[{"href":"https:\/\/fussorthopaedie-technik-de.mws-dev.de\/index.php\/wp-json\/wp\/v2\/media?parent=9"}],"curies":[{"name":"wp","href":"https:\/\/api.w.org\/{rel}","templated":true}]}}